{"id":2278,"date":"2022-08-12T14:32:44","date_gmt":"2022-08-12T14:32:44","guid":{"rendered":"http:\/\/wlchradio.org\/politica-de-reunion-abierta\/"},"modified":"2022-08-12T14:32:44","modified_gmt":"2022-08-12T14:32:44","slug":"politica-de-reunion-abierta","status":"publish","type":"page","link":"https:\/\/wlchradio.org\/es\/politica-de-reunion-abierta\/","title":{"rendered":"Pol\u00edtica de reuni\u00f3n abierta"},"content":{"rendered":"<p>WLCH es un componente de la Asociaci\u00f3n C\u00edvica Hispanoamericana (SACA). Tiene licencia como una estaci\u00f3n educativa p\u00fablica que ofrece a la comunidad una amplia gama de programaci\u00f3n en espa\u00f1ol e ingl\u00e9s. Establecida en 1987, WLCH\/Radio Centro es la voz de la comunidad latina de Lancaster y York y su fuente preferida de entretenimiento educativo, p\u00fablico y musical.<\/p>\n<p>Es pol\u00edtica de WLCH que las reuniones de la junta directiva de la organizaci\u00f3n, sus comit\u00e9s y juntas asesoras est\u00e9n abiertas al p\u00fablico. Ocasionalmente, las reuniones o partes de las reuniones pueden estar cerradas al p\u00fablico al considerar asuntos relacionados con empleados individuales, informaci\u00f3n de propiedad exclusiva o litigios. Una declaraci\u00f3n escrita que explique el motivo del cierre de la reuni\u00f3n estar\u00e1 disponible en el sitio web dentro de un per\u00edodo de tiempo razonable.<\/p>\n<p>Si tiene dificultades para acceder a los documentos que se encuentran en este sitio web o si hay un documento que no est\u00e1 incluido en el sitio web que le gustar\u00eda solicitar, comun\u00edquese con Claudia Galdamez.<\/p>\n<h2>ALTA GERENCIA DE WLCH<\/h2>\n<p>Claudia Galdamez, Gerente General<br \/>\n717-295-7996<br \/>\n<a href=\"mailto:cgaldamez@sacapa.org\">cgaldamez@sacapa.org<\/a><\/p>\n","protected":false},"excerpt":{"rendered":"<p>WLCH es un componente de la Asociaci\u00f3n C\u00edvica Hispanoamericana (SACA). Tiene licencia como una estaci\u00f3n educativa p\u00fablica que ofrece a la comunidad una amplia gama de programaci\u00f3n en espa\u00f1ol e&#8230; <a class=\"read-more\" aria-label=\"Read more about Pol\u00edtica de reuni\u00f3n abierta\" href=\"https:\/\/wlchradio.org\/es\/politica-de-reunion-abierta\/\">Read More<\/a><\/p>\n","protected":false},"author":1,"featured_media":0,"parent":0,"menu_order":0,"comment_status":"closed","ping_status":"closed","template":"","meta":[],"acf":[],"yoast_head":"<title>Pol\u00edtica de reuni\u00f3n abierta - WLCH Radio Centro<\/title>\n<meta name=\"robots\" content=\"index, follow, max-snippet:-1, max-image-preview:large, max-video-preview:-1\" \/>\n<link rel=\"canonical\" href=\"https:\/\/wlchradio.org\/es\/politica-de-reunion-abierta\/\" \/>\n<meta property=\"og:locale\" content=\"es_ES\" \/>\n<meta property=\"og:type\" content=\"article\" \/>\n<meta property=\"og:title\" content=\"Pol\u00edtica de reuni\u00f3n abierta - WLCH Radio Centro\" \/>\n<meta property=\"og:description\" content=\"WLCH es un componente de la Asociaci\u00f3n C\u00edvica Hispanoamericana (SACA). Tiene licencia como una estaci\u00f3n educativa p\u00fablica que ofrece a la comunidad una amplia gama de programaci\u00f3n en espa\u00f1ol e... Read More\" \/>\n<meta property=\"og:url\" content=\"https:\/\/wlchradio.org\/es\/politica-de-reunion-abierta\/\" \/>\n<meta property=\"og:site_name\" content=\"WLCH Radio Centro\" \/>\n<meta name=\"twitter:label1\" content=\"Tiempo de lectura\" \/>\n\t<meta name=\"twitter:data1\" content=\"1 minuto\" \/>\n<script type=\"application\/ld+json\" class=\"yoast-schema-graph\">{\"@context\":\"https:\/\/schema.org\",\"@graph\":[{\"@type\":\"WebPage\",\"@id\":\"https:\/\/wlchradio.org\/es\/politica-de-reunion-abierta\/\",\"url\":\"https:\/\/wlchradio.org\/es\/politica-de-reunion-abierta\/\",\"name\":\"Pol\u00edtica de reuni\u00f3n abierta - WLCH Radio Centro\",\"isPartOf\":{\"@id\":\"https:\/\/wlchradio.org\/es\/#website\"},\"datePublished\":\"2022-08-12T14:32:44+00:00\",\"dateModified\":\"2022-08-12T14:32:44+00:00\",\"breadcrumb\":{\"@id\":\"https:\/\/wlchradio.org\/es\/politica-de-reunion-abierta\/#breadcrumb\"},\"inLanguage\":\"es\",\"potentialAction\":[{\"@type\":\"ReadAction\",\"target\":[\"https:\/\/wlchradio.org\/es\/politica-de-reunion-abierta\/\"]}]},{\"@type\":\"BreadcrumbList\",\"@id\":\"https:\/\/wlchradio.org\/es\/politica-de-reunion-abierta\/#breadcrumb\",\"itemListElement\":[{\"@type\":\"ListItem\",\"position\":1,\"name\":\"Home\",\"item\":\"https:\/\/wlchradio.org\/es\/\"},{\"@type\":\"ListItem\",\"position\":2,\"name\":\"Pol\u00edtica de reuni\u00f3n abierta\"}]},{\"@type\":\"WebSite\",\"@id\":\"https:\/\/wlchradio.org\/es\/#website\",\"url\":\"https:\/\/wlchradio.org\/es\/\",\"name\":\"WLCH Radio Centro\",\"description\":\"\",\"potentialAction\":[{\"@type\":\"SearchAction\",\"target\":{\"@type\":\"EntryPoint\",\"urlTemplate\":\"https:\/\/wlchradio.org\/es\/?s={search_term_string}\"},\"query-input\":\"required name=search_term_string\"}],\"inLanguage\":\"es\"}]}<\/script>","yoast_head_json":{"title":"Pol\u00edtica de reuni\u00f3n abierta - WLCH Radio Centro","robots":{"index":"index","follow":"follow","max-snippet":"max-snippet:-1","max-image-preview":"max-image-preview:large","max-video-preview":"max-video-preview:-1"},"canonical":"https:\/\/wlchradio.org\/es\/politica-de-reunion-abierta\/","og_locale":"es_ES","og_type":"article","og_title":"Pol\u00edtica de reuni\u00f3n abierta - WLCH Radio Centro","og_description":"WLCH es un componente de la Asociaci\u00f3n C\u00edvica Hispanoamericana (SACA). Tiene licencia como una estaci\u00f3n educativa p\u00fablica que ofrece a la comunidad una amplia gama de programaci\u00f3n en espa\u00f1ol e... Read More","og_url":"https:\/\/wlchradio.org\/es\/politica-de-reunion-abierta\/","og_site_name":"WLCH Radio Centro","twitter_misc":{"Tiempo de lectura":"1 minuto"},"schema":{"@context":"https:\/\/schema.org","@graph":[{"@type":"WebPage","@id":"https:\/\/wlchradio.org\/es\/politica-de-reunion-abierta\/","url":"https:\/\/wlchradio.org\/es\/politica-de-reunion-abierta\/","name":"Pol\u00edtica de reuni\u00f3n abierta - WLCH Radio Centro","isPartOf":{"@id":"https:\/\/wlchradio.org\/es\/#website"},"datePublished":"2022-08-12T14:32:44+00:00","dateModified":"2022-08-12T14:32:44+00:00","breadcrumb":{"@id":"https:\/\/wlchradio.org\/es\/politica-de-reunion-abierta\/#breadcrumb"},"inLanguage":"es","potentialAction":[{"@type":"ReadAction","target":["https:\/\/wlchradio.org\/es\/politica-de-reunion-abierta\/"]}]},{"@type":"BreadcrumbList","@id":"https:\/\/wlchradio.org\/es\/politica-de-reunion-abierta\/#breadcrumb","itemListElement":[{"@type":"ListItem","position":1,"name":"Home","item":"https:\/\/wlchradio.org\/es\/"},{"@type":"ListItem","position":2,"name":"Pol\u00edtica de reuni\u00f3n abierta"}]},{"@type":"WebSite","@id":"https:\/\/wlchradio.org\/es\/#website","url":"https:\/\/wlchradio.org\/es\/","name":"WLCH Radio Centro","description":"","potentialAction":[{"@type":"SearchAction","target":{"@type":"EntryPoint","urlTemplate":"https:\/\/wlchradio.org\/es\/?s={search_term_string}"},"query-input":"required name=search_term_string"}],"inLanguage":"es"}]}},"_links":{"self":[{"href":"https:\/\/wlchradio.org\/es\/wp-json\/wp\/v2\/pages\/2278"}],"collection":[{"href":"https:\/\/wlchradio.org\/es\/wp-json\/wp\/v2\/pages"}],"about":[{"href":"https:\/\/wlchradio.org\/es\/wp-json\/wp\/v2\/types\/page"}],"author":[{"embeddable":true,"href":"https:\/\/wlchradio.org\/es\/wp-json\/wp\/v2\/users\/1"}],"replies":[{"embeddable":true,"href":"https:\/\/wlchradio.org\/es\/wp-json\/wp\/v2\/comments?post=2278"}],"version-history":[{"count":0,"href":"https:\/\/wlchradio.org\/es\/wp-json\/wp\/v2\/pages\/2278\/revisions"}],"wp:attachment":[{"href":"https:\/\/wlchradio.org\/es\/wp-json\/wp\/v2\/media?parent=2278"}],"curies":[{"name":"wp","href":"https:\/\/api.w.org\/{rel}","templated":true}]}}