{"id":2279,"date":"2022-08-12T14:40:43","date_gmt":"2022-08-12T14:40:43","guid":{"rendered":"http:\/\/wlchradio.org\/documentos-publicos\/"},"modified":"2022-08-12T14:40:43","modified_gmt":"2022-08-12T14:40:43","slug":"documentos-publicos","status":"publish","type":"page","link":"https:\/\/wlchradio.org\/es\/documentos-publicos\/","title":{"rendered":"Documentos P\u00fablicos"},"content":{"rendered":"<p>WLCH opera en un a\u00f1o fiscal del 1 de julio al 30 de junio. Los estados financieros de WLCH son auditados anualmente por una firma de contadores p\u00fablicos certificados. Los estados financieros incluyen un Estado de Situaci\u00f3n Financiera, Estado de Actividades y Estado de Efectivo en Activos Netos y Flujos de Efectivo, y deben leerse junto con las Notas a los Estados Financieros.<\/p>\n<p>El formulario 990 del IRS, Declaraci\u00f3n de organizaci\u00f3n exenta del impuesto sobre la renta, es la declaraci\u00f3n de informaci\u00f3n federal anual presentada por organizaciones ben\u00e9ficas que est\u00e1n exentas del impuesto sobre la renta. Los montos en estos estados se presentan de acuerdo con las regulaciones del IRS.<\/p>\n<p>El CPB\/AFR es el informe financiero que la WLCH presenta anualmente a la Corporation for Public Broadcasting.<\/p>\n<p>Si tiene dificultades para acceder a los documentos que se encuentran en este sitio web o si hay un documento que no est\u00e1 incluido en el sitio web que le gustar\u00eda solicitar, comun\u00edquese con Claudia Galdamez al 717-295-7996\/<a href=\"mailto:cgaldamez@sacapa.org\">cgaldamez@sacapa.org<\/a>.<\/p>\n<h2>DECLARACI\u00d3N DE DIVERSIDAD DE WLCH (SACA)<\/h2>\n<p>El compromiso de WLCH con la diversidad se basa en nuestro compromiso con el servicio p\u00fablico. WLCH sabe que una fuerza laboral diversa, un equipo de gesti\u00f3n, una junta directiva y una junta asesora comunitaria contribuyen en gran medida a nuestro conocimiento y comprensi\u00f3n de nuestras comunidades diversas. Por lo tanto, la organizaci\u00f3n toma medidas espec\u00edficas para determinar las necesidades e intereses de la comunidad; asegurar respeto y civilidad en nuestras discusiones e imparcialidad en nuestra cobertura de asuntos complejos; y ser accesible, responsable y transparente para la comunidad en su conjunto. El compromiso de WLCH con la diversidad se expresa en un hilo continuo a lo largo de todas nuestras pol\u00edticas y pr\u00e1cticas.<\/p>\n<p><strong>I. Programaci\u00f3n:<\/strong> el contenido del programa de WLCH refleja la diversidad de nuestra comunidad.<\/p>\n<p><strong>II. Pol\u00edticas de personal de WLCH\/SACA<\/strong> resume nuestras pol\u00edticas de EEO y contra el acoso. WLCH lleva a cabo capacitaci\u00f3n sobre diversidad para su personal y liderazgo. Todos los empleados de WLCH son evaluados por sus contribuciones a la promoci\u00f3n de la diversidad dentro de la organizaci\u00f3n y la comunidad.<\/p>\n<p><strong>III. WLCH da la bienvenida a diversas audiencias para recorrer nuestras instalaciones.<\/strong> Estos grupos comunitarios destacan nuestro compromiso de abrir nuestras puertas a personas de todas las edades, or\u00edgenes, razas, habilidades y religiones.<\/p>\n<p><strong>IV. WLCH ha aumentado gradualmente la diversidad de sus juntas directivas y asesoras, incluida la diversidad de edades.<\/strong><\/p>\n<p><strong>V. WLCH no ha tenido ninguna vacante de personal en m\u00e1s de dos a\u00f1os<\/strong>, sin embargo, mantenemos esfuerzos continuos para identificar personal potencial a trav\u00e9s del programa de capacitaci\u00f3n y empleo de nuestra organizaci\u00f3n matriz (SACA) y contactos que nos remitieron entidades de educaci\u00f3n superior asociadas en nuestra regi\u00f3n. .<\/p>\n<p>Estamos comprometidos a explorar nuevas oportunidades para lograr y promover la diversidad en el empleo y el servicio de la junta y para monitorear y evaluar nuestro \u00e9xito.<\/p>\n<p><strong>Una copia de las pol\u00edticas de personal de SACA<\/strong><br \/>\nSe puede obtener una copia de las pol\u00edticas de personal comunic\u00e1ndose con Claudia Galdamez al 717-295-7996\/<a href=\"mailto:cgaldamez@sacapa.org\">cgaldamez@sacapa.org<\/a><\/p>\n","protected":false},"excerpt":{"rendered":"<p>WLCH opera en un a\u00f1o fiscal del 1 de julio al 30 de junio. Los estados financieros de WLCH son auditados anualmente por una firma de contadores p\u00fablicos certificados. Los&#8230; <a class=\"read-more\" aria-label=\"Read more about Documentos P\u00fablicos\" href=\"https:\/\/wlchradio.org\/es\/documentos-publicos\/\">Read More<\/a><\/p>\n","protected":false},"author":1,"featured_media":0,"parent":0,"menu_order":0,"comment_status":"closed","ping_status":"closed","template":"","meta":[],"acf":[],"yoast_head":"<title>Documentos P\u00fablicos - WLCH Radio Centro<\/title>\n<meta name=\"robots\" content=\"index, follow, max-snippet:-1, max-image-preview:large, max-video-preview:-1\" \/>\n<link rel=\"canonical\" href=\"https:\/\/wlchradio.org\/es\/documentos-publicos\/\" \/>\n<meta property=\"og:locale\" content=\"es_ES\" \/>\n<meta property=\"og:type\" content=\"article\" \/>\n<meta property=\"og:title\" content=\"Documentos P\u00fablicos - WLCH Radio Centro\" \/>\n<meta property=\"og:description\" content=\"WLCH opera en un a\u00f1o fiscal del 1 de julio al 30 de junio. Los estados financieros de WLCH son auditados anualmente por una firma de contadores p\u00fablicos certificados. Los... Read More\" \/>\n<meta property=\"og:url\" content=\"https:\/\/wlchradio.org\/es\/documentos-publicos\/\" \/>\n<meta property=\"og:site_name\" content=\"WLCH Radio Centro\" \/>\n<meta name=\"twitter:label1\" content=\"Tiempo de lectura\" \/>\n\t<meta name=\"twitter:data1\" content=\"3 minutos\" \/>\n<script type=\"application\/ld+json\" class=\"yoast-schema-graph\">{\"@context\":\"https:\/\/schema.org\",\"@graph\":[{\"@type\":\"WebPage\",\"@id\":\"https:\/\/wlchradio.org\/es\/documentos-publicos\/\",\"url\":\"https:\/\/wlchradio.org\/es\/documentos-publicos\/\",\"name\":\"Documentos P\u00fablicos - WLCH Radio Centro\",\"isPartOf\":{\"@id\":\"https:\/\/wlchradio.org\/es\/#website\"},\"datePublished\":\"2022-08-12T14:40:43+00:00\",\"dateModified\":\"2022-08-12T14:40:43+00:00\",\"breadcrumb\":{\"@id\":\"https:\/\/wlchradio.org\/es\/documentos-publicos\/#breadcrumb\"},\"inLanguage\":\"es\",\"potentialAction\":[{\"@type\":\"ReadAction\",\"target\":[\"https:\/\/wlchradio.org\/es\/documentos-publicos\/\"]}]},{\"@type\":\"BreadcrumbList\",\"@id\":\"https:\/\/wlchradio.org\/es\/documentos-publicos\/#breadcrumb\",\"itemListElement\":[{\"@type\":\"ListItem\",\"position\":1,\"name\":\"Home\",\"item\":\"https:\/\/wlchradio.org\/es\/\"},{\"@type\":\"ListItem\",\"position\":2,\"name\":\"Documentos P\u00fablicos\"}]},{\"@type\":\"WebSite\",\"@id\":\"https:\/\/wlchradio.org\/es\/#website\",\"url\":\"https:\/\/wlchradio.org\/es\/\",\"name\":\"WLCH Radio Centro\",\"description\":\"\",\"potentialAction\":[{\"@type\":\"SearchAction\",\"target\":{\"@type\":\"EntryPoint\",\"urlTemplate\":\"https:\/\/wlchradio.org\/es\/?s={search_term_string}\"},\"query-input\":\"required name=search_term_string\"}],\"inLanguage\":\"es\"}]}<\/script>","yoast_head_json":{"title":"Documentos P\u00fablicos - WLCH Radio Centro","robots":{"index":"index","follow":"follow","max-snippet":"max-snippet:-1","max-image-preview":"max-image-preview:large","max-video-preview":"max-video-preview:-1"},"canonical":"https:\/\/wlchradio.org\/es\/documentos-publicos\/","og_locale":"es_ES","og_type":"article","og_title":"Documentos P\u00fablicos - WLCH Radio Centro","og_description":"WLCH opera en un a\u00f1o fiscal del 1 de julio al 30 de junio. Los estados financieros de WLCH son auditados anualmente por una firma de contadores p\u00fablicos certificados. Los... Read More","og_url":"https:\/\/wlchradio.org\/es\/documentos-publicos\/","og_site_name":"WLCH Radio Centro","twitter_misc":{"Tiempo de lectura":"3 minutos"},"schema":{"@context":"https:\/\/schema.org","@graph":[{"@type":"WebPage","@id":"https:\/\/wlchradio.org\/es\/documentos-publicos\/","url":"https:\/\/wlchradio.org\/es\/documentos-publicos\/","name":"Documentos P\u00fablicos - WLCH Radio Centro","isPartOf":{"@id":"https:\/\/wlchradio.org\/es\/#website"},"datePublished":"2022-08-12T14:40:43+00:00","dateModified":"2022-08-12T14:40:43+00:00","breadcrumb":{"@id":"https:\/\/wlchradio.org\/es\/documentos-publicos\/#breadcrumb"},"inLanguage":"es","potentialAction":[{"@type":"ReadAction","target":["https:\/\/wlchradio.org\/es\/documentos-publicos\/"]}]},{"@type":"BreadcrumbList","@id":"https:\/\/wlchradio.org\/es\/documentos-publicos\/#breadcrumb","itemListElement":[{"@type":"ListItem","position":1,"name":"Home","item":"https:\/\/wlchradio.org\/es\/"},{"@type":"ListItem","position":2,"name":"Documentos P\u00fablicos"}]},{"@type":"WebSite","@id":"https:\/\/wlchradio.org\/es\/#website","url":"https:\/\/wlchradio.org\/es\/","name":"WLCH Radio Centro","description":"","potentialAction":[{"@type":"SearchAction","target":{"@type":"EntryPoint","urlTemplate":"https:\/\/wlchradio.org\/es\/?s={search_term_string}"},"query-input":"required name=search_term_string"}],"inLanguage":"es"}]}},"_links":{"self":[{"href":"https:\/\/wlchradio.org\/es\/wp-json\/wp\/v2\/pages\/2279"}],"collection":[{"href":"https:\/\/wlchradio.org\/es\/wp-json\/wp\/v2\/pages"}],"about":[{"href":"https:\/\/wlchradio.org\/es\/wp-json\/wp\/v2\/types\/page"}],"author":[{"embeddable":true,"href":"https:\/\/wlchradio.org\/es\/wp-json\/wp\/v2\/users\/1"}],"replies":[{"embeddable":true,"href":"https:\/\/wlchradio.org\/es\/wp-json\/wp\/v2\/comments?post=2279"}],"version-history":[{"count":0,"href":"https:\/\/wlchradio.org\/es\/wp-json\/wp\/v2\/pages\/2279\/revisions"}],"wp:attachment":[{"href":"https:\/\/wlchradio.org\/es\/wp-json\/wp\/v2\/media?parent=2279"}],"curies":[{"name":"wp","href":"https:\/\/api.w.org\/{rel}","templated":true}]}}